{"id":152,"date":"2021-11-28T11:56:16","date_gmt":"2021-11-28T10:56:16","guid":{"rendered":"https:\/\/shop.guillaumetalbot.fr\/?post_type=product&#038;p=152"},"modified":"2021-11-28T11:56:16","modified_gmt":"2021-11-28T10:56:16","slug":"bardenas","status":"publish","type":"product","link":"https:\/\/shop.guillaumetalbot.fr\/?product=bardenas","title":{"rendered":"Bardenas"},"content":{"rendered":"<p>Tirage sur Papier photo brillant \/ 30 x 45 cm<\/p>\n<p>10 exemplaires sign\u00e9s et num\u00e9rot\u00e9s<\/p>\n","protected":false},"excerpt":{"rendered":"<p>Tirage sur Papier photo brillant \/ 30 x 45 cm 10 exemplaires sign\u00e9s et num\u00e9rot\u00e9s<\/p>\n","protected":false},"featured_media":131,"comment_status":"open","ping_status":"closed","template":"","meta":{"spay_email":""},"product_cat":[15],"product_tag":[],"_links":{"self":[{"href":"https:\/\/shop.guillaumetalbot.fr\/index.php?rest_route=\/wp\/v2\/product\/152"}],"collection":[{"href":"https:\/\/shop.guillaumetalbot.fr\/index.php?rest_route=\/wp\/v2\/product"}],"about":[{"href":"https:\/\/shop.guillaumetalbot.fr\/index.php?rest_route=\/wp\/v2\/types\/product"}],"replies":[{"embeddable":true,"href":"https:\/\/shop.guillaumetalbot.fr\/index.php?rest_route=%2Fwp%2Fv2%2Fcomments&post=152"}],"wp:featuredmedia":[{"embeddable":true,"href":"https:\/\/shop.guillaumetalbot.fr\/index.php?rest_route=\/wp\/v2\/media\/131"}],"wp:attachment":[{"href":"https:\/\/shop.guillaumetalbot.fr\/index.php?rest_route=%2Fwp%2Fv2%2Fmedia&parent=152"}],"wp:term":[{"taxonomy":"product_cat","embeddable":true,"href":"https:\/\/shop.guillaumetalbot.fr\/index.php?rest_route=%2Fwp%2Fv2%2Fproduct_cat&post=152"},{"taxonomy":"product_tag","embeddable":true,"href":"https:\/\/shop.guillaumetalbot.fr\/index.php?rest_route=%2Fwp%2Fv2%2Fproduct_tag&post=152"}],"curies":[{"name":"wp","href":"https:\/\/api.w.org\/{rel}","templated":true}]}}