{"id":159,"date":"2021-11-28T12:03:33","date_gmt":"2021-11-28T11:03:33","guid":{"rendered":"https:\/\/shop.guillaumetalbot.fr\/?post_type=product&#038;p=159"},"modified":"2021-11-28T12:03:34","modified_gmt":"2021-11-28T11:03:34","slug":"aventure","status":"publish","type":"product","link":"https:\/\/shop.guillaumetalbot.fr\/?product=aventure","title":{"rendered":"Aventure"},"content":{"rendered":"<p>Tirage sur Papier photo brillant \/ 30 x 45 cm<\/p>\n<p>10 exemplaires sign\u00e9s et num\u00e9rot\u00e9s<\/p>\n","protected":false},"excerpt":{"rendered":"<p>Tirage sur Papier photo brillant \/ 30 x 45 cm 10 exemplaires sign\u00e9s et num\u00e9rot\u00e9s<\/p>\n","protected":false},"featured_media":134,"comment_status":"open","ping_status":"closed","template":"","meta":{"spay_email":""},"product_cat":[15],"product_tag":[],"_links":{"self":[{"href":"https:\/\/shop.guillaumetalbot.fr\/index.php?rest_route=\/wp\/v2\/product\/159"}],"collection":[{"href":"https:\/\/shop.guillaumetalbot.fr\/index.php?rest_route=\/wp\/v2\/product"}],"about":[{"href":"https:\/\/shop.guillaumetalbot.fr\/index.php?rest_route=\/wp\/v2\/types\/product"}],"replies":[{"embeddable":true,"href":"https:\/\/shop.guillaumetalbot.fr\/index.php?rest_route=%2Fwp%2Fv2%2Fcomments&post=159"}],"wp:featuredmedia":[{"embeddable":true,"href":"https:\/\/shop.guillaumetalbot.fr\/index.php?rest_route=\/wp\/v2\/media\/134"}],"wp:attachment":[{"href":"https:\/\/shop.guillaumetalbot.fr\/index.php?rest_route=%2Fwp%2Fv2%2Fmedia&parent=159"}],"wp:term":[{"taxonomy":"product_cat","embeddable":true,"href":"https:\/\/shop.guillaumetalbot.fr\/index.php?rest_route=%2Fwp%2Fv2%2Fproduct_cat&post=159"},{"taxonomy":"product_tag","embeddable":true,"href":"https:\/\/shop.guillaumetalbot.fr\/index.php?rest_route=%2Fwp%2Fv2%2Fproduct_tag&post=159"}],"curies":[{"name":"wp","href":"https:\/\/api.w.org\/{rel}","templated":true}]}}