{"id":162,"date":"2021-11-28T12:08:02","date_gmt":"2021-11-28T11:08:02","guid":{"rendered":"https:\/\/shop.guillaumetalbot.fr\/?post_type=product&#038;p=162"},"modified":"2025-11-17T06:15:18","modified_gmt":"2025-11-17T05:15:18","slug":"mont-rebei","status":"publish","type":"product","link":"https:\/\/shop.guillaumetalbot.fr\/?product=mont-rebei","title":{"rendered":"Mont Rebei"},"content":{"rendered":"<p>Tirage sur Papier photo brillant \/ 30 x 45 cm<\/p>\n<p>10 exemplaires sign\u00e9s et num\u00e9rot\u00e9s<\/p>\n","protected":false},"excerpt":{"rendered":"<p>Tirage sur Papier photo brillant \/ 30 x 45 cm 10 exemplaires sign\u00e9s et num\u00e9rot\u00e9s<\/p>\n","protected":false},"featured_media":133,"comment_status":"open","ping_status":"closed","template":"","meta":{"spay_email":""},"product_cat":[15],"product_tag":[],"_links":{"self":[{"href":"https:\/\/shop.guillaumetalbot.fr\/index.php?rest_route=\/wp\/v2\/product\/162"}],"collection":[{"href":"https:\/\/shop.guillaumetalbot.fr\/index.php?rest_route=\/wp\/v2\/product"}],"about":[{"href":"https:\/\/shop.guillaumetalbot.fr\/index.php?rest_route=\/wp\/v2\/types\/product"}],"replies":[{"embeddable":true,"href":"https:\/\/shop.guillaumetalbot.fr\/index.php?rest_route=%2Fwp%2Fv2%2Fcomments&post=162"}],"wp:featuredmedia":[{"embeddable":true,"href":"https:\/\/shop.guillaumetalbot.fr\/index.php?rest_route=\/wp\/v2\/media\/133"}],"wp:attachment":[{"href":"https:\/\/shop.guillaumetalbot.fr\/index.php?rest_route=%2Fwp%2Fv2%2Fmedia&parent=162"}],"wp:term":[{"taxonomy":"product_cat","embeddable":true,"href":"https:\/\/shop.guillaumetalbot.fr\/index.php?rest_route=%2Fwp%2Fv2%2Fproduct_cat&post=162"},{"taxonomy":"product_tag","embeddable":true,"href":"https:\/\/shop.guillaumetalbot.fr\/index.php?rest_route=%2Fwp%2Fv2%2Fproduct_tag&post=162"}],"curies":[{"name":"wp","href":"https:\/\/api.w.org\/{rel}","templated":true}]}}